{"id":24,"date":"2026-02-10T12:13:35","date_gmt":"2026-02-10T12:13:35","guid":{"rendered":"https:\/\/staging.moe-eyewear.it\/prenotazione\/"},"modified":"2026-02-25T08:04:27","modified_gmt":"2026-02-25T08:04:27","slug":"prenotazione","status":"publish","type":"page","link":"https:\/\/moe-eyewear.it\/en\/prenotazione\/","title":{"rendered":"Esplorare"},"content":{"rendered":"<p class=\"has-text-align-center has-xx-large-font-size\">Oltre gli Orizzonti<\/p>\n\n\n\n<div class=\"wp-block-group alignfull is-style-ext-preset--group--natural-1--section has-background-background-color has-background has-global-padding is-layout-constrained wp-container-core-group-is-layout-ab56ae29 wp-block-group-is-layout-constrained\" id=\"prenota-ora\" style=\"margin-top:0;margin-bottom:0;padding-top:var(--wp--preset--spacing--70);padding-bottom:var(--wp--preset--spacing--70)\">\n<div class=\"wp-block-cover alignwide is-light\"><span aria-hidden=\"true\" class=\"wp-block-cover__background has-background-dim-10 has-background-dim\"><\/span><div class=\"wp-block-cover__inner-container is-layout-flow wp-block-cover-is-layout-flow\">\n<div class=\"wp-block-group alignwide is-style-ext-preset--group--natural-1--item-card-1--align-center has-xx-large-font-size has-global-padding is-layout-constrained wp-container-core-group-is-layout-90f0ecde wp-block-group-is-layout-constrained is-style-ext-preset--group--natural-1--item-card-1--align-center--2\" style=\"margin-top:var(--wp--preset--spacing--40);margin-bottom:var(--wp--preset--spacing--40);padding-top:var(--wp--preset--spacing--20);padding-right:0;padding-bottom:var(--wp--preset--spacing--20);padding-left:0\">\n<div class=\"wp-block-group has-global-padding is-layout-constrained wp-container-core-group-is-layout-dd32767c wp-block-group-is-layout-constrained\">\n<h2 class=\"wp-block-heading has-text-align-right\"><\/h2>\n\n\n\n<div class=\"wp-block-media-text is-image-fill-element\" style=\"grid-template-columns:51% auto\"><figure class=\"wp-block-media-text__media\"><img loading=\"lazy\" decoding=\"async\" width=\"1024\" height=\"1024\" src=\"https:\/\/moe-eyewear.it\/wp-content\/uploads\/2026\/02\/Gemini_Generated_Image_qi34lgqi34lgqi34-2.png\" alt=\"\" class=\"wp-image-327 size-full\" style=\"object-position:34% 33%\" srcset=\"https:\/\/moe-eyewear.it\/wp-content\/uploads\/2026\/02\/Gemini_Generated_Image_qi34lgqi34lgqi34-2.png 1024w, https:\/\/moe-eyewear.it\/wp-content\/uploads\/2026\/02\/Gemini_Generated_Image_qi34lgqi34lgqi34-2-300x300.png 300w, https:\/\/moe-eyewear.it\/wp-content\/uploads\/2026\/02\/Gemini_Generated_Image_qi34lgqi34lgqi34-2-150x150.png 150w, https:\/\/moe-eyewear.it\/wp-content\/uploads\/2026\/02\/Gemini_Generated_Image_qi34lgqi34lgqi34-2-768x768.png 768w, https:\/\/moe-eyewear.it\/wp-content\/uploads\/2026\/02\/Gemini_Generated_Image_qi34lgqi34lgqi34-2-600x600.png 600w, https:\/\/moe-eyewear.it\/wp-content\/uploads\/2026\/02\/Gemini_Generated_Image_qi34lgqi34lgqi34-2-100x100.png 100w\" sizes=\"auto, (max-width: 1024px) 100vw, 1024px\" \/><\/figure><div class=\"wp-block-media-text__content\">\n<p>La nostra Vision \u00e8 riportare l&#8217;attenzione sull&#8217;essenziale: la bellezza che<br>dura nel tempo. MOE non segue le mode stagionali, ma crea icone.<br>Entrare nella nostra Family significa condividere un ideale di eleganza<br>discreta e autentica.<br>Il nostro viaggio \u00e8 appena iniziato, e vogliamo che ogni nostro occhiale<br>sia l&#8217;inizio di una nuova storia d&#8217;amore tra chi lo indossa e il mondo che lo<br>circonda.<\/p>\n\n\n\n<p><\/p>\n\n\n\n<figure class=\"wp-block-gallery has-nested-images columns-default is-cropped wp-block-gallery-4 is-layout-flex wp-block-gallery-is-layout-flex\">\n<figure class=\"wp-block-image size-large\"><img loading=\"lazy\" decoding=\"async\" width=\"1024\" height=\"1024\" data-id=\"329\" src=\"https:\/\/moe-eyewear.it\/wp-content\/uploads\/2026\/02\/gemini-2.5-flash-image_Apply_a_consistent_visual_identity_to_the_uploaded_image._Style_Modern_Zen_Minim-1-4.jpg\" alt=\"\" class=\"wp-image-329\" srcset=\"https:\/\/moe-eyewear.it\/wp-content\/uploads\/2026\/02\/gemini-2.5-flash-image_Apply_a_consistent_visual_identity_to_the_uploaded_image._Style_Modern_Zen_Minim-1-4.jpg 1024w, https:\/\/moe-eyewear.it\/wp-content\/uploads\/2026\/02\/gemini-2.5-flash-image_Apply_a_consistent_visual_identity_to_the_uploaded_image._Style_Modern_Zen_Minim-1-4-300x300.jpg 300w, https:\/\/moe-eyewear.it\/wp-content\/uploads\/2026\/02\/gemini-2.5-flash-image_Apply_a_consistent_visual_identity_to_the_uploaded_image._Style_Modern_Zen_Minim-1-4-150x150.jpg 150w, https:\/\/moe-eyewear.it\/wp-content\/uploads\/2026\/02\/gemini-2.5-flash-image_Apply_a_consistent_visual_identity_to_the_uploaded_image._Style_Modern_Zen_Minim-1-4-768x768.jpg 768w, https:\/\/moe-eyewear.it\/wp-content\/uploads\/2026\/02\/gemini-2.5-flash-image_Apply_a_consistent_visual_identity_to_the_uploaded_image._Style_Modern_Zen_Minim-1-4-600x600.jpg 600w, https:\/\/moe-eyewear.it\/wp-content\/uploads\/2026\/02\/gemini-2.5-flash-image_Apply_a_consistent_visual_identity_to_the_uploaded_image._Style_Modern_Zen_Minim-1-4-100x100.jpg 100w\" sizes=\"auto, (max-width: 1024px) 100vw, 1024px\" \/><\/figure>\n\n\n\n<figure class=\"wp-block-image size-large is-style-ext-preset--image--natural-1--image-1--content-bottom is-style-ext-preset--image--natural-1--image-1--content-bottom--3\"><img loading=\"lazy\" decoding=\"async\" width=\"1024\" height=\"1024\" data-id=\"328\" src=\"https:\/\/moe-eyewear.it\/wp-content\/uploads\/2026\/02\/gemini-2.5-flash-image_Maintain_the_exact_shape_color_and_proportions_of_the_eyewear_and_the_subject_in-1-3-2.jpg\" alt=\"\" class=\"wp-image-328\" srcset=\"https:\/\/moe-eyewear.it\/wp-content\/uploads\/2026\/02\/gemini-2.5-flash-image_Maintain_the_exact_shape_color_and_proportions_of_the_eyewear_and_the_subject_in-1-3-2.jpg 1024w, https:\/\/moe-eyewear.it\/wp-content\/uploads\/2026\/02\/gemini-2.5-flash-image_Maintain_the_exact_shape_color_and_proportions_of_the_eyewear_and_the_subject_in-1-3-2-300x300.jpg 300w, https:\/\/moe-eyewear.it\/wp-content\/uploads\/2026\/02\/gemini-2.5-flash-image_Maintain_the_exact_shape_color_and_proportions_of_the_eyewear_and_the_subject_in-1-3-2-150x150.jpg 150w, https:\/\/moe-eyewear.it\/wp-content\/uploads\/2026\/02\/gemini-2.5-flash-image_Maintain_the_exact_shape_color_and_proportions_of_the_eyewear_and_the_subject_in-1-3-2-768x768.jpg 768w, https:\/\/moe-eyewear.it\/wp-content\/uploads\/2026\/02\/gemini-2.5-flash-image_Maintain_the_exact_shape_color_and_proportions_of_the_eyewear_and_the_subject_in-1-3-2-600x600.jpg 600w, https:\/\/moe-eyewear.it\/wp-content\/uploads\/2026\/02\/gemini-2.5-flash-image_Maintain_the_exact_shape_color_and_proportions_of_the_eyewear_and_the_subject_in-1-3-2-100x100.jpg 100w\" sizes=\"auto, (max-width: 1024px) 100vw, 1024px\" \/><\/figure>\n<\/figure>\n<\/div><\/div>\n<\/div>\n<\/div>\n<\/div><\/div>\n<\/div>\n\n\n\n<h2 class=\"wp-block-heading\">L&#8217;equilibrio degli Opposti<\/h2>\n\n\n\n<div class=\"wp-block-media-text alignfull has-media-on-the-right is-stacked-on-mobile is-style-ext-preset--media-text--natural-1--card-1 has-background-background-color has-background has-large-font-size is-style-ext-preset--media-text--natural-1--card-1--5\" style=\"grid-template-columns:auto 62%\"><div class=\"wp-block-media-text__content\">\n<p class=\"has-background has-small-font-size\" style=\"background-color:#e5e5e5\">Il modello Mo\u00e8 nasce dal disegno di un ponte a chiave classico, reinterpretato con la<br>modernit\u00e0 delle aste in metallo. Abbiamo unito la solidit\u00e0 della tradizione alla fluidit\u00e0 della<br>contemporaneit\u00e0 per creare una visione d&#8217;eleganza che non conosce genere. Un design<br>essenziale, pulito e impeccabile: semplicemente l&#8217;equilibrio che stavi cercando.<br>Varianti Cromatiche: Tre varianti nate per riflettere ogni sfaccettatura della personalit\u00e0:<br><\/p>\n\n\n\n<p class=\"has-background has-small-font-size\" style=\"background-color:#e5e5e5\">Verde &amp; Nero: L&#8217;energia della natura incontra il rigore urbano.<br><\/p>\n\n\n\n<p class=\"has-background has-small-font-size\" style=\"background-color:#e5e5e5\">Avana &amp; Oro: La solarit\u00e0 del classico fusa con il prestigio del metallo.<br><\/p>\n\n\n\n<p class=\"has-background has-small-font-size\" style=\"background-color:#e5e5e5\">Nero &amp; Argento: Il massimo del minimalismo e della precisione tecnica.<\/p>\n<\/div><figure class=\"wp-block-media-text__media\"><img loading=\"lazy\" decoding=\"async\" width=\"1024\" height=\"585\" src=\"https:\/\/moe-eyewear.it\/wp-content\/uploads\/2026\/02\/Gemini_Generated_Image_lhzuw0lhzuw0lhzu-1-1024x585.png\" alt=\"\" class=\"wp-image-330 size-full\" srcset=\"https:\/\/moe-eyewear.it\/wp-content\/uploads\/2026\/02\/Gemini_Generated_Image_lhzuw0lhzuw0lhzu-1-1024x585.png 1024w, https:\/\/moe-eyewear.it\/wp-content\/uploads\/2026\/02\/Gemini_Generated_Image_lhzuw0lhzuw0lhzu-1-300x171.png 300w, https:\/\/moe-eyewear.it\/wp-content\/uploads\/2026\/02\/Gemini_Generated_Image_lhzuw0lhzuw0lhzu-1-768x439.png 768w, https:\/\/moe-eyewear.it\/wp-content\/uploads\/2026\/02\/Gemini_Generated_Image_lhzuw0lhzuw0lhzu-1-1320x754.png 1320w, https:\/\/moe-eyewear.it\/wp-content\/uploads\/2026\/02\/Gemini_Generated_Image_lhzuw0lhzuw0lhzu-1-600x343.png 600w, https:\/\/moe-eyewear.it\/wp-content\/uploads\/2026\/02\/Gemini_Generated_Image_lhzuw0lhzuw0lhzu-1.png 1344w\" sizes=\"auto, (max-width: 1024px) 100vw, 1024px\" \/><\/figure><\/div>\n\n\n\n<p><\/p>","protected":false},"excerpt":{"rendered":"<p>Oltre gli Orizzonti L&#8217;equilibrio degli Opposti Il modello Mo\u00e8 nasce dal disegno di un ponte a chiave classico, reinterpretato con lamodernit\u00e0 delle aste in metallo. Abbiamo unito la solidit\u00e0 della tradizione alla fluidit\u00e0 dellacontemporaneit\u00e0 per creare una visione d&#8217;eleganza che non conosce genere. Un designessenziale, pulito e impeccabile: semplicemente l&#8217;equilibrio che stavi cercando.Varianti Cromatiche: Tre [&hellip;]<\/p>\n","protected":false},"author":1,"featured_media":0,"parent":0,"menu_order":0,"comment_status":"closed","ping_status":"closed","template":"page-with-title","meta":{"iawp_total_views":24,"footnotes":""},"class_list":["post-24","page","type-page","status-publish","hentry"],"yoast_head":"<!-- This site is optimized with the Yoast SEO plugin v27.2 - https:\/\/yoast.com\/product\/yoast-seo-wordpress\/ -->\n<title>Esplorare - moe-eyewear.it<\/title>\n<meta name=\"robots\" content=\"index, follow, max-snippet:-1, max-image-preview:large, max-video-preview:-1\" \/>\n<link rel=\"canonical\" href=\"https:\/\/moe-eyewear.it\/en\/prenotazione\/\" \/>\n<meta property=\"og:locale\" content=\"en_GB\" \/>\n<meta property=\"og:type\" content=\"article\" \/>\n<meta property=\"og:title\" content=\"Esplorare - moe-eyewear.it\" \/>\n<meta property=\"og:description\" content=\"Oltre gli Orizzonti L&#8217;equilibrio degli Opposti Il modello Mo\u00e8 nasce dal disegno di un ponte a chiave classico, reinterpretato con lamodernit\u00e0 delle aste in metallo. Abbiamo unito la solidit\u00e0 della tradizione alla fluidit\u00e0 dellacontemporaneit\u00e0 per creare una visione d&#8217;eleganza che non conosce genere. Un designessenziale, pulito e impeccabile: semplicemente l&#8217;equilibrio che stavi cercando.Varianti Cromatiche: Tre [&hellip;]\" \/>\n<meta property=\"og:url\" content=\"https:\/\/moe-eyewear.it\/en\/prenotazione\/\" \/>\n<meta property=\"og:site_name\" content=\"moe-eyewear.it\" \/>\n<meta property=\"article:modified_time\" content=\"2026-02-25T08:04:27+00:00\" \/>\n<meta property=\"og:image\" content=\"https:\/\/moe-eyewear.it\/wp-content\/uploads\/2026\/02\/Gemini_Generated_Image_qi34lgqi34lgqi34-2.png\" \/>\n\t<meta property=\"og:image:width\" content=\"1024\" \/>\n\t<meta property=\"og:image:height\" content=\"1024\" \/>\n\t<meta property=\"og:image:type\" content=\"image\/png\" \/>\n<meta name=\"twitter:card\" content=\"summary_large_image\" \/>\n<meta name=\"twitter:label1\" content=\"Estimated reading time\" \/>\n\t<meta name=\"twitter:data1\" content=\"1 minute\" \/>\n<script type=\"application\/ld+json\" class=\"yoast-schema-graph\">{\"@context\":\"https:\/\/schema.org\",\"@graph\":[{\"@type\":\"WebPage\",\"@id\":\"https:\/\/moe-eyewear.it\/prenotazione\/\",\"url\":\"https:\/\/moe-eyewear.it\/prenotazione\/\",\"name\":\"Esplorare - moe-eyewear.it\",\"isPartOf\":{\"@id\":\"https:\/\/moe-eyewear.it\/#website\"},\"primaryImageOfPage\":{\"@id\":\"https:\/\/moe-eyewear.it\/prenotazione\/#primaryimage\"},\"image\":{\"@id\":\"https:\/\/moe-eyewear.it\/prenotazione\/#primaryimage\"},\"thumbnailUrl\":\"https:\/\/moe-eyewear.it\/wp-content\/uploads\/2026\/02\/Gemini_Generated_Image_qi34lgqi34lgqi34-2.png\",\"datePublished\":\"2026-02-10T12:13:35+00:00\",\"dateModified\":\"2026-02-25T08:04:27+00:00\",\"breadcrumb\":{\"@id\":\"https:\/\/moe-eyewear.it\/prenotazione\/#breadcrumb\"},\"inLanguage\":\"en-GB\",\"potentialAction\":[{\"@type\":\"ReadAction\",\"target\":[\"https:\/\/moe-eyewear.it\/prenotazione\/\"]}]},{\"@type\":\"ImageObject\",\"inLanguage\":\"en-GB\",\"@id\":\"https:\/\/moe-eyewear.it\/prenotazione\/#primaryimage\",\"url\":\"https:\/\/moe-eyewear.it\/wp-content\/uploads\/2026\/02\/Gemini_Generated_Image_qi34lgqi34lgqi34-2.png\",\"contentUrl\":\"https:\/\/moe-eyewear.it\/wp-content\/uploads\/2026\/02\/Gemini_Generated_Image_qi34lgqi34lgqi34-2.png\"},{\"@type\":\"BreadcrumbList\",\"@id\":\"https:\/\/moe-eyewear.it\/prenotazione\/#breadcrumb\",\"itemListElement\":[{\"@type\":\"ListItem\",\"position\":1,\"name\":\"Home\",\"item\":\"https:\/\/moe-eyewear.it\/\"},{\"@type\":\"ListItem\",\"position\":2,\"name\":\"Esplorare\"}]},{\"@type\":\"WebSite\",\"@id\":\"https:\/\/moe-eyewear.it\/#website\",\"url\":\"https:\/\/moe-eyewear.it\/\",\"name\":\"MoeEyewear.it\",\"description\":\"\",\"publisher\":{\"@id\":\"https:\/\/moe-eyewear.it\/#organization\"},\"alternateName\":\"Moe Eyewear\",\"potentialAction\":[{\"@type\":\"SearchAction\",\"target\":{\"@type\":\"EntryPoint\",\"urlTemplate\":\"https:\/\/moe-eyewear.it\/?s={search_term_string}\"},\"query-input\":{\"@type\":\"PropertyValueSpecification\",\"valueRequired\":true,\"valueName\":\"search_term_string\"}}],\"inLanguage\":\"en-GB\"},{\"@type\":\"Organization\",\"@id\":\"https:\/\/moe-eyewear.it\/#organization\",\"name\":\"Moe Eyewear\",\"url\":\"https:\/\/moe-eyewear.it\/\",\"logo\":{\"@type\":\"ImageObject\",\"inLanguage\":\"en-GB\",\"@id\":\"https:\/\/moe-eyewear.it\/#\/schema\/logo\/image\/\",\"url\":\"https:\/\/moe-eyewear.it\/wp-content\/uploads\/2026\/02\/Logo-elegante-_moe_-in-oro-e-nero-2.png\",\"contentUrl\":\"https:\/\/moe-eyewear.it\/wp-content\/uploads\/2026\/02\/Logo-elegante-_moe_-in-oro-e-nero-2.png\",\"width\":1536,\"height\":1024,\"caption\":\"Moe Eyewear\"},\"image\":{\"@id\":\"https:\/\/moe-eyewear.it\/#\/schema\/logo\/image\/\"}}]}<\/script>\n<!-- \/ Yoast SEO plugin. -->","yoast_head_json":{"title":"Esplorare - moe-eyewear.it","robots":{"index":"index","follow":"follow","max-snippet":"max-snippet:-1","max-image-preview":"max-image-preview:large","max-video-preview":"max-video-preview:-1"},"canonical":"https:\/\/moe-eyewear.it\/en\/prenotazione\/","og_locale":"en_GB","og_type":"article","og_title":"Esplorare - moe-eyewear.it","og_description":"Oltre gli Orizzonti L&#8217;equilibrio degli Opposti Il modello Mo\u00e8 nasce dal disegno di un ponte a chiave classico, reinterpretato con lamodernit\u00e0 delle aste in metallo. Abbiamo unito la solidit\u00e0 della tradizione alla fluidit\u00e0 dellacontemporaneit\u00e0 per creare una visione d&#8217;eleganza che non conosce genere. Un designessenziale, pulito e impeccabile: semplicemente l&#8217;equilibrio che stavi cercando.Varianti Cromatiche: Tre [&hellip;]","og_url":"https:\/\/moe-eyewear.it\/en\/prenotazione\/","og_site_name":"moe-eyewear.it","article_modified_time":"2026-02-25T08:04:27+00:00","og_image":[{"width":1024,"height":1024,"url":"https:\/\/moe-eyewear.it\/wp-content\/uploads\/2026\/02\/Gemini_Generated_Image_qi34lgqi34lgqi34-2.png","type":"image\/png"}],"twitter_card":"summary_large_image","twitter_misc":{"Estimated reading time":"1 minute"},"schema":{"@context":"https:\/\/schema.org","@graph":[{"@type":"WebPage","@id":"https:\/\/moe-eyewear.it\/prenotazione\/","url":"https:\/\/moe-eyewear.it\/prenotazione\/","name":"Esplorare - moe-eyewear.it","isPartOf":{"@id":"https:\/\/moe-eyewear.it\/#website"},"primaryImageOfPage":{"@id":"https:\/\/moe-eyewear.it\/prenotazione\/#primaryimage"},"image":{"@id":"https:\/\/moe-eyewear.it\/prenotazione\/#primaryimage"},"thumbnailUrl":"https:\/\/moe-eyewear.it\/wp-content\/uploads\/2026\/02\/Gemini_Generated_Image_qi34lgqi34lgqi34-2.png","datePublished":"2026-02-10T12:13:35+00:00","dateModified":"2026-02-25T08:04:27+00:00","breadcrumb":{"@id":"https:\/\/moe-eyewear.it\/prenotazione\/#breadcrumb"},"inLanguage":"en-GB","potentialAction":[{"@type":"ReadAction","target":["https:\/\/moe-eyewear.it\/prenotazione\/"]}]},{"@type":"ImageObject","inLanguage":"en-GB","@id":"https:\/\/moe-eyewear.it\/prenotazione\/#primaryimage","url":"https:\/\/moe-eyewear.it\/wp-content\/uploads\/2026\/02\/Gemini_Generated_Image_qi34lgqi34lgqi34-2.png","contentUrl":"https:\/\/moe-eyewear.it\/wp-content\/uploads\/2026\/02\/Gemini_Generated_Image_qi34lgqi34lgqi34-2.png"},{"@type":"BreadcrumbList","@id":"https:\/\/moe-eyewear.it\/prenotazione\/#breadcrumb","itemListElement":[{"@type":"ListItem","position":1,"name":"Home","item":"https:\/\/moe-eyewear.it\/"},{"@type":"ListItem","position":2,"name":"Esplorare"}]},{"@type":"WebSite","@id":"https:\/\/moe-eyewear.it\/#website","url":"https:\/\/moe-eyewear.it\/","name":"MoeEyewear.it","description":"","publisher":{"@id":"https:\/\/moe-eyewear.it\/#organization"},"alternateName":"Moe Eyewear","potentialAction":[{"@type":"SearchAction","target":{"@type":"EntryPoint","urlTemplate":"https:\/\/moe-eyewear.it\/?s={search_term_string}"},"query-input":{"@type":"PropertyValueSpecification","valueRequired":true,"valueName":"search_term_string"}}],"inLanguage":"en-GB"},{"@type":"Organization","@id":"https:\/\/moe-eyewear.it\/#organization","name":"Moe Eyewear","url":"https:\/\/moe-eyewear.it\/","logo":{"@type":"ImageObject","inLanguage":"en-GB","@id":"https:\/\/moe-eyewear.it\/#\/schema\/logo\/image\/","url":"https:\/\/moe-eyewear.it\/wp-content\/uploads\/2026\/02\/Logo-elegante-_moe_-in-oro-e-nero-2.png","contentUrl":"https:\/\/moe-eyewear.it\/wp-content\/uploads\/2026\/02\/Logo-elegante-_moe_-in-oro-e-nero-2.png","width":1536,"height":1024,"caption":"Moe Eyewear"},"image":{"@id":"https:\/\/moe-eyewear.it\/#\/schema\/logo\/image\/"}}]}},"_links":{"self":[{"href":"https:\/\/moe-eyewear.it\/en\/wp-json\/wp\/v2\/pages\/24","targetHints":{"allow":["GET"]}}],"collection":[{"href":"https:\/\/moe-eyewear.it\/en\/wp-json\/wp\/v2\/pages"}],"about":[{"href":"https:\/\/moe-eyewear.it\/en\/wp-json\/wp\/v2\/types\/page"}],"author":[{"embeddable":true,"href":"https:\/\/moe-eyewear.it\/en\/wp-json\/wp\/v2\/users\/1"}],"replies":[{"embeddable":true,"href":"https:\/\/moe-eyewear.it\/en\/wp-json\/wp\/v2\/comments?post=24"}],"version-history":[{"count":4,"href":"https:\/\/moe-eyewear.it\/en\/wp-json\/wp\/v2\/pages\/24\/revisions"}],"predecessor-version":[{"id":391,"href":"https:\/\/moe-eyewear.it\/en\/wp-json\/wp\/v2\/pages\/24\/revisions\/391"}],"wp:attachment":[{"href":"https:\/\/moe-eyewear.it\/en\/wp-json\/wp\/v2\/media?parent=24"}],"curies":[{"name":"wp","href":"https:\/\/api.w.org\/{rel}","templated":true}]}}